{"id":121,"date":"2024-04-16T15:10:17","date_gmt":"2024-04-16T13:10:17","guid":{"rendered":"https:\/\/ateba.eleves.mediamatique.ch\/Bricks\/?post_type=product&#038;p=121"},"modified":"2024-04-16T15:10:29","modified_gmt":"2024-04-16T13:10:29","slug":"pelouse-du-stade-spotify-camp-nou-stade","status":"publish","type":"product","link":"https:\/\/ateba.eleves.mediamatique.ch\/Bricks\/produit\/pelouse-du-stade-spotify-camp-nou-stade\/","title":{"rendered":"Pelouse du stade Spotify Camp Nou. Stade."},"content":{"rendered":"<p>Charg\u00e9 d\u2019histoire. Et, avec un grand futur.<\/p>\n<p>Pelouse originale provenant du Spotify Camp Nou, authentifi\u00e9e par l\u2019illustre notaire de Barcelone avec le num\u00e9ro de protocole 2429 du 1er\u00a0juin\u00a02023.<\/p>\n<p>\u00c9dition limit\u00e9e exclusive, pelouse incluse dans la reproduction \u00e0 l\u2019\u00e9chelle du Spotify Camp Nou.<\/p>\n<p>Taille: 14&#215;11,5x4cm<\/p>\n<p>Taille avec emballage : 16x14x5cm<\/p>\n","protected":false},"excerpt":{"rendered":"<p>Charg\u00e9 d\u2019histoire. Et, avec un grand futur. Pelouse originale provenant du Spotify Camp Nou, authentifi\u00e9e par l\u2019illustre notaire de Barcelone avec le num\u00e9ro de protocole 2429 du 1er\u00a0juin\u00a02023. \u00c9dition limit\u00e9e exclusive, pelouse incluse dans la reproduction \u00e0 l\u2019\u00e9chelle du Spotify Camp Nou. Taille: 14&#215;11,5x4cm Taille avec emballage : 16x14x5cm<\/p>\n","protected":false},"featured_media":120,"comment_status":"open","ping_status":"closed","template":"","meta":[],"product_cat":[17],"product_tag":[],"class_list":{"0":"post-121","1":"product","2":"type-product","3":"status-publish","4":"has-post-thumbnail","6":"product_cat-non-classe","8":"first","9":"instock","10":"shipping-taxable","11":"purchasable","12":"product-type-simple"},"_links":{"self":[{"href":"https:\/\/ateba.eleves.mediamatique.ch\/Bricks\/wp-json\/wp\/v2\/product\/121","targetHints":{"allow":["GET"]}}],"collection":[{"href":"https:\/\/ateba.eleves.mediamatique.ch\/Bricks\/wp-json\/wp\/v2\/product"}],"about":[{"href":"https:\/\/ateba.eleves.mediamatique.ch\/Bricks\/wp-json\/wp\/v2\/types\/product"}],"replies":[{"embeddable":true,"href":"https:\/\/ateba.eleves.mediamatique.ch\/Bricks\/wp-json\/wp\/v2\/comments?post=121"}],"wp:featuredmedia":[{"embeddable":true,"href":"https:\/\/ateba.eleves.mediamatique.ch\/Bricks\/wp-json\/wp\/v2\/media\/120"}],"wp:attachment":[{"href":"https:\/\/ateba.eleves.mediamatique.ch\/Bricks\/wp-json\/wp\/v2\/media?parent=121"}],"wp:term":[{"taxonomy":"product_cat","embeddable":true,"href":"https:\/\/ateba.eleves.mediamatique.ch\/Bricks\/wp-json\/wp\/v2\/product_cat?post=121"},{"taxonomy":"product_tag","embeddable":true,"href":"https:\/\/ateba.eleves.mediamatique.ch\/Bricks\/wp-json\/wp\/v2\/product_tag?post=121"}],"curies":[{"name":"wp","href":"https:\/\/api.w.org\/{rel}","templated":true}]}}