{"id":131,"date":"2024-04-16T15:29:49","date_gmt":"2024-04-16T13:29:49","guid":{"rendered":"https:\/\/ateba.eleves.mediamatique.ch\/Bricks\/?post_type=product&#038;p=131"},"modified":"2024-04-16T15:30:54","modified_gmt":"2024-04-16T13:30:54","slug":"messi-lionel-messi-officiel-fc-barcelone-2016-2017-recto-signe-et-encadre","status":"publish","type":"product","link":"https:\/\/ateba.eleves.mediamatique.ch\/Bricks\/produit\/messi-lionel-messi-officiel-fc-barcelone-2016-2017-recto-signe-et-encadre\/","title":{"rendered":"MESSI | Lionel Messi Officiel FC Barcelone 2016\/2017 Recto Sign\u00e9 et Encadr\u00e9"},"content":{"rendered":"<p>Ce maillot du FC Barcelone a \u00e9t\u00e9 personnellement sign\u00e9 par Lionel Messi lors d&rsquo;une s\u00e9ance de d\u00e9dicace priv\u00e9e \u00e0 Paris le 6 mai 2023. Le maillot est accompagn\u00e9 d&rsquo;un certificat d&rsquo;authenticit\u00e9 officiel du FC Barcelone, qui vous sert de preuve que la signature est 100 % authentique.<\/p>\n<p>Taille approximative\u00a0: 920 mm (H) x 1\u00a0120 mm (L) x 20 mm (P)<\/p>\n<p>Ce produit sera exp\u00e9di\u00e9 \u00e0 partir du 20 novembre<\/p>\n","protected":false},"excerpt":{"rendered":"<p>Ce maillot du FC Barcelone a \u00e9t\u00e9 personnellement sign\u00e9 par Lionel Messi lors d&rsquo;une s\u00e9ance de d\u00e9dicace priv\u00e9e \u00e0 Paris le 6 mai 2023. Le maillot est accompagn\u00e9 d&rsquo;un certificat d&rsquo;authenticit\u00e9 officiel du FC Barcelone, qui vous sert de preuve que la signature est 100 % authentique. Taille approximative\u00a0: 920 mm (H) x 1\u00a0120 mm [&hellip;]<\/p>\n","protected":false},"featured_media":132,"comment_status":"open","ping_status":"closed","template":"","meta":[],"product_cat":[24,25],"product_tag":[],"class_list":{"0":"post-131","1":"product","2":"type-product","3":"status-publish","4":"has-post-thumbnail","6":"product_cat-accessoire","7":"product_cat-maillot","9":"first","10":"instock","11":"shipping-taxable","12":"purchasable","13":"product-type-simple"},"_links":{"self":[{"href":"https:\/\/ateba.eleves.mediamatique.ch\/Bricks\/wp-json\/wp\/v2\/product\/131","targetHints":{"allow":["GET"]}}],"collection":[{"href":"https:\/\/ateba.eleves.mediamatique.ch\/Bricks\/wp-json\/wp\/v2\/product"}],"about":[{"href":"https:\/\/ateba.eleves.mediamatique.ch\/Bricks\/wp-json\/wp\/v2\/types\/product"}],"replies":[{"embeddable":true,"href":"https:\/\/ateba.eleves.mediamatique.ch\/Bricks\/wp-json\/wp\/v2\/comments?post=131"}],"wp:featuredmedia":[{"embeddable":true,"href":"https:\/\/ateba.eleves.mediamatique.ch\/Bricks\/wp-json\/wp\/v2\/media\/132"}],"wp:attachment":[{"href":"https:\/\/ateba.eleves.mediamatique.ch\/Bricks\/wp-json\/wp\/v2\/media?parent=131"}],"wp:term":[{"taxonomy":"product_cat","embeddable":true,"href":"https:\/\/ateba.eleves.mediamatique.ch\/Bricks\/wp-json\/wp\/v2\/product_cat?post=131"},{"taxonomy":"product_tag","embeddable":true,"href":"https:\/\/ateba.eleves.mediamatique.ch\/Bricks\/wp-json\/wp\/v2\/product_tag?post=131"}],"curies":[{"name":"wp","href":"https:\/\/api.w.org\/{rel}","templated":true}]}}