{"id":10,"date":"2024-04-29T15:36:44","date_gmt":"2024-04-29T13:36:44","guid":{"rendered":"https:\/\/ateba.eleves.mediamatique.ch\/wordpress\/?page_id=10"},"modified":"2024-06-09T13:13:01","modified_gmt":"2024-06-09T11:13:01","slug":"elementor-10","status":"publish","type":"page","link":"https:\/\/ateba.eleves.mediamatique.ch\/wordpress\/","title":{"rendered":"Home"},"content":{"rendered":"\t\t<div data-elementor-type=\"wp-post\" data-elementor-id=\"10\" class=\"elementor elementor-10\">\n\t\t\t\t<div class=\"elementor-element elementor-element-aeec2c4 e-grid e-con-full wpr-particle-no wpr-jarallax-no wpr-parallax-no wpr-sticky-section-no e-con e-parent\" data-id=\"aeec2c4\" data-element_type=\"container\" data-settings=\"{&quot;background_background&quot;:&quot;video&quot;,&quot;background_video_link&quot;:&quot;https:\\\/\\\/ateba.eleves.mediamatique.ch\\\/wordpress\\\/wp-content\\\/uploads\\\/2024\\\/06\\\/kl-pub-sans-texte.mp4&quot;}\">\n\t\t<div class=\"elementor-background-video-container elementor-hidden-phone\">\n\t\t\t\t\t\t\t<video class=\"elementor-background-video-hosted elementor-html5-video\" autoplay muted playsinline loop><\/video>\n\t\t\t\t\t<\/div>\t\t<div class=\"elementor-element elementor-element-10542b8 elementor-widget elementor-widget-spacer\" data-id=\"10542b8\" data-element_type=\"widget\" data-widget_type=\"spacer.default\">\n\t\t\t\t<div class=\"elementor-widget-container\">\n\t\t\t<style>\/*! elementor - v3.21.0 - 25-04-2024 *\/\n.elementor-column .elementor-spacer-inner{height:var(--spacer-size)}.e-con{--container-widget-width:100%}.e-con-inner>.elementor-widget-spacer,.e-con>.elementor-widget-spacer{width:var(--container-widget-width,var(--spacer-size));--align-self:var(--container-widget-align-self,initial);--flex-shrink:0}.e-con-inner>.elementor-widget-spacer>.elementor-widget-container,.e-con>.elementor-widget-spacer>.elementor-widget-container{height:100%;width:100%}.e-con-inner>.elementor-widget-spacer>.elementor-widget-container>.elementor-spacer,.e-con>.elementor-widget-spacer>.elementor-widget-container>.elementor-spacer{height:100%}.e-con-inner>.elementor-widget-spacer>.elementor-widget-container>.elementor-spacer>.elementor-spacer-inner,.e-con>.elementor-widget-spacer>.elementor-widget-container>.elementor-spacer>.elementor-spacer-inner{height:var(--container-widget-height,var(--spacer-size))}.e-con-inner>.elementor-widget-spacer.elementor-widget-empty,.e-con>.elementor-widget-spacer.elementor-widget-empty{position:relative;min-height:22px;min-width:22px}.e-con-inner>.elementor-widget-spacer.elementor-widget-empty .elementor-widget-empty-icon,.e-con>.elementor-widget-spacer.elementor-widget-empty .elementor-widget-empty-icon{position:absolute;top:0;bottom:0;left:0;right:0;margin:auto;padding:0;width:22px;height:22px}<\/style>\t\t<div class=\"elementor-spacer\">\n\t\t\t<div class=\"elementor-spacer-inner\"><\/div>\n\t\t<\/div>\n\t\t\t\t<\/div>\n\t\t\t\t<\/div>\n\t\t\t\t<div class=\"elementor-element elementor-element-bf950e7 elementor-widget elementor-widget-heading\" data-id=\"bf950e7\" data-element_type=\"widget\" data-widget_type=\"heading.default\">\n\t\t\t\t<div class=\"elementor-widget-container\">\n\t\t\t<style>\/*! elementor - v3.21.0 - 25-04-2024 *\/\n.elementor-heading-title{padding:0;margin:0;line-height:1}.elementor-widget-heading .elementor-heading-title[class*=elementor-size-]>a{color:inherit;font-size:inherit;line-height:inherit}.elementor-widget-heading .elementor-heading-title.elementor-size-small{font-size:15px}.elementor-widget-heading .elementor-heading-title.elementor-size-medium{font-size:19px}.elementor-widget-heading .elementor-heading-title.elementor-size-large{font-size:29px}.elementor-widget-heading .elementor-heading-title.elementor-size-xl{font-size:39px}.elementor-widget-heading .elementor-heading-title.elementor-size-xxl{font-size:59px}<\/style><h2 class=\"elementor-heading-title elementor-size-default\">R\u00c9SERVE TON EXP\u00c9RIENCE UNIQUE !<\/h2>\t\t<\/div>\n\t\t\t\t<\/div>\n\t\t\t\t<div class=\"elementor-element elementor-element-b0203d0 elementor-widget elementor-widget-html\" data-id=\"b0203d0\" data-element_type=\"widget\" data-widget_type=\"html.default\">\n\t\t\t\t<div class=\"elementor-widget-container\">\n\t\t\t<!DOCTYPE html>\n<html lang=\"fr\">\n<head>\n    <meta charset=\"UTF-8\">\n    <meta name=\"viewport\" content=\"width=device-width, initial-scale=1.0\">\n    <title>R\u00e9server une session de karting<\/title>\n    <link rel=\"stylesheet\" href=\"styles.css\">\n<link href='https:\/\/unpkg.com\/css.gg@2.0.0\/icons\/css\/arrow-right.css' rel='stylesheet'>\n<\/head>\n<body>\n    <form action=\"\/submit_reservation\" method=\"post\">\n        <div class=\"form-group\">\n            <label for=\"date\">Date :<\/label>\n            <input type=\"date\" id=\"date\" name=\"date\" required>\n        <\/div>\n\n        <div class=\"form-group\">\n            <label for=\"heure\">Heure :<\/label>\n            <select id=\"heure\" name=\"heure\" required>\n                <option value=\"09:00\">09:00<\/option>\n                <option value=\"10:00\">10:00<\/option>\n                <option value=\"11:00\">11:00<\/option>\n                <option value=\"12:00\">12:00<\/option>\n                <option value=\"13:00\">13:00<\/option>\n                <option value=\"14:00\">14:00<\/option>\n                <option value=\"15:00\">15:00<\/option>\n                <option value=\"16:00\">16:00<\/option>\n                <option value=\"17:00\">17:00<\/option>\n                <option value=\"18:00\">18:00<\/option>\n                <option value=\"19:00\">19:00<\/option>\n                <option value=\"20:00\">20:00<\/option>\n                <option value=\"21:00\">21:00<\/option>\n            <\/select>\n        <\/div>\n\n        <div class=\"form-group\">\n            <label for=\"participants\">Nombre de participants :<\/label>\n            <input type=\"number\" id=\"participants\" name=\"participants\" min=\"1\" placeholder=\"8\" required>\n        <\/div>\n        \n            <a href=\"https:\/\/ateba.eleves.mediamatique.ch\/wordpress\/reservation\/\">\n\n        <div class=\"form-group-submit\">\n            <svg\n                width=\"50\"\n  \n                height=\"50\"\n                viewBox=\"0 0 24 24\"\n                fill=\"none\"\n                xmlns=\"http:\/\/www.w3.org\/2000\/svg\"\n>\n  <path\n    d=\"M15.0378 6.34317L13.6269 7.76069L16.8972 11.0157L3.29211 11.0293L3.29413 13.0293L16.8619 13.0157L13.6467 16.2459L15.0643 17.6568L20.7079 11.9868L15.0378 6.34317Z\"\n    fill=\"white\"\n  \/>\n<\/svg>\n    <\/a>\n\n        <\/div>\n    <\/form>\n<\/body>\n<\/html>\n\t\t<\/div>\n\t\t\t\t<\/div>\n\t\t\t\t<div class=\"elementor-element elementor-element-0740561 elementor-widget elementor-widget-spacer\" data-id=\"0740561\" data-element_type=\"widget\" data-widget_type=\"spacer.default\">\n\t\t\t\t<div class=\"elementor-widget-container\">\n\t\t\t\t\t<div class=\"elementor-spacer\">\n\t\t\t<div class=\"elementor-spacer-inner\"><\/div>\n\t\t<\/div>\n\t\t\t\t<\/div>\n\t\t\t\t<\/div>\n\t\t\t\t<\/div>\n\t\t<div class=\"elementor-element elementor-element-79c4831 e-flex e-con-boxed wpr-particle-no wpr-jarallax-no wpr-parallax-no wpr-sticky-section-no e-con e-parent\" data-id=\"79c4831\" data-element_type=\"container\" id=\"karts\" data-settings=\"{&quot;background_background&quot;:&quot;classic&quot;}\">\n\t\t\t\t\t<div class=\"e-con-inner\">\n\t\t\t\t<div class=\"elementor-element elementor-element-fa7fc3e elementor-widget elementor-widget-image\" data-id=\"fa7fc3e\" data-element_type=\"widget\" data-widget_type=\"image.default\">\n\t\t\t\t<div class=\"elementor-widget-container\">\n\t\t\t<style>\/*! elementor - v3.21.0 - 25-04-2024 *\/\n.elementor-widget-image{text-align:center}.elementor-widget-image a{display:inline-block}.elementor-widget-image a img[src$=\".svg\"]{width:48px}.elementor-widget-image img{vertical-align:middle;display:inline-block}<\/style>\t\t\t\t\t\t\t\t\t\t<img fetchpriority=\"high\" decoding=\"async\" width=\"341\" height=\"154\" src=\"https:\/\/ateba.eleves.mediamatique.ch\/wordpress\/wp-content\/uploads\/2024\/04\/Titre.png\" class=\"attachment-full size-full wp-image-254\" alt=\"\" srcset=\"https:\/\/ateba.eleves.mediamatique.ch\/wordpress\/wp-content\/uploads\/2024\/04\/Titre.png 341w, https:\/\/ateba.eleves.mediamatique.ch\/wordpress\/wp-content\/uploads\/2024\/04\/Titre-300x135.png 300w\" sizes=\"(max-width: 341px) 100vw, 341px\" \/>\t\t\t\t\t\t\t\t\t\t\t\t\t<\/div>\n\t\t\t\t<\/div>\n\t\t<div class=\"elementor-element elementor-element-2ea524f e-con-full e-flex wpr-particle-no wpr-jarallax-no wpr-parallax-no wpr-sticky-section-no e-con e-child\" data-id=\"2ea524f\" data-element_type=\"container\">\n\t\t\t\t<div class=\"elementor-element elementor-element-5e8b91c elementor-widget elementor-widget-heading\" data-id=\"5e8b91c\" data-element_type=\"widget\" data-widget_type=\"heading.default\">\n\t\t\t\t<div class=\"elementor-widget-container\">\n\t\t\t<h2 class=\"elementor-heading-title elementor-size-default\">NOS KARTS<\/h2>\t\t<\/div>\n\t\t\t\t<\/div>\n\t\t\t\t<\/div>\n\t\t\t\t<div class=\"elementor-element elementor-element-828264d elementor-widget elementor-widget-text-editor\" data-id=\"828264d\" data-element_type=\"widget\" data-widget_type=\"text-editor.default\">\n\t\t\t\t<div class=\"elementor-widget-container\">\n\t\t\t<style>\/*! elementor - v3.21.0 - 25-04-2024 *\/\n.elementor-widget-text-editor.elementor-drop-cap-view-stacked .elementor-drop-cap{background-color:#69727d;color:#fff}.elementor-widget-text-editor.elementor-drop-cap-view-framed .elementor-drop-cap{color:#69727d;border:3px solid;background-color:transparent}.elementor-widget-text-editor:not(.elementor-drop-cap-view-default) .elementor-drop-cap{margin-top:8px}.elementor-widget-text-editor:not(.elementor-drop-cap-view-default) .elementor-drop-cap-letter{width:1em;height:1em}.elementor-widget-text-editor .elementor-drop-cap{float:left;text-align:center;line-height:1;font-size:50px}.elementor-widget-text-editor .elementor-drop-cap-letter{display:inline-block}<\/style>\t\t\t\t<p>\u00c9quip\u00e9s d\u2019\u00e9crans connect\u00e9s int\u00e9gr\u00e9s au volant pour suivre votre performance en temps r\u00e9el et d\u2019\u00e9crans lumineux \u00e0 l\u2019arri\u00e8re pour afficher votre nom, nos karts offrent une exp\u00e9rience de conduite in\u00e9gal\u00e9e. Ajoutez \u00e0 cela des lumi\u00e8res LED \u00e9clatantes tout autour, et vous avez l\u2019assurance de vivre des courses sensationnelles \u00e0 chaque virage. Rejoignez-nous pour une exp\u00e9rience de karting unique et immersive d\u00e8s aujourd\u2019hui !<\/p>\t\t\t\t\t\t<\/div>\n\t\t\t\t<\/div>\n\t\t<div class=\"elementor-element elementor-element-a9c17ba e-con-full e-flex wpr-particle-no wpr-jarallax-no wpr-parallax-no wpr-sticky-section-no e-con e-child\" data-id=\"a9c17ba\" data-element_type=\"container\">\n\t\t\t\t<div class=\"elementor-element elementor-element-a79b9e2 elementor-widget elementor-widget-image\" data-id=\"a79b9e2\" data-element_type=\"widget\" data-widget_type=\"image.default\">\n\t\t\t\t<div class=\"elementor-widget-container\">\n\t\t\t\t\t\t\t\t\t\t\t\t\t<img decoding=\"async\" width=\"1920\" height=\"1080\" src=\"https:\/\/ateba.eleves.mediamatique.ch\/wordpress\/wp-content\/uploads\/2024\/04\/FRONT.png\" class=\"elementor-animation-grow attachment-full size-full wp-image-143\" alt=\"\" srcset=\"https:\/\/ateba.eleves.mediamatique.ch\/wordpress\/wp-content\/uploads\/2024\/04\/FRONT.png 1920w, https:\/\/ateba.eleves.mediamatique.ch\/wordpress\/wp-content\/uploads\/2024\/04\/FRONT-300x169.png 300w, https:\/\/ateba.eleves.mediamatique.ch\/wordpress\/wp-content\/uploads\/2024\/04\/FRONT-1024x576.png 1024w, https:\/\/ateba.eleves.mediamatique.ch\/wordpress\/wp-content\/uploads\/2024\/04\/FRONT-768x432.png 768w, https:\/\/ateba.eleves.mediamatique.ch\/wordpress\/wp-content\/uploads\/2024\/04\/FRONT-1536x864.png 1536w\" sizes=\"(max-width: 1920px) 100vw, 1920px\" \/>\t\t\t\t\t\t\t\t\t\t\t\t\t<\/div>\n\t\t\t\t<\/div>\n\t\t\t\t<\/div>\n\t\t<div class=\"elementor-element elementor-element-56aed25 e-con-full e-flex wpr-particle-no wpr-jarallax-no wpr-parallax-no wpr-sticky-section-no e-con e-child\" data-id=\"56aed25\" data-element_type=\"container\">\n\t\t\t\t<div class=\"elementor-element elementor-element-2c5dd3d elementor-widget elementor-widget-image\" data-id=\"2c5dd3d\" data-element_type=\"widget\" data-widget_type=\"image.default\">\n\t\t\t\t<div class=\"elementor-widget-container\">\n\t\t\t\t\t\t\t\t\t\t\t\t\t<img decoding=\"async\" width=\"1920\" height=\"1080\" src=\"https:\/\/ateba.eleves.mediamatique.ch\/wordpress\/wp-content\/uploads\/2024\/04\/BACK.png\" class=\"elementor-animation-grow attachment-full size-full wp-image-142\" alt=\"\" srcset=\"https:\/\/ateba.eleves.mediamatique.ch\/wordpress\/wp-content\/uploads\/2024\/04\/BACK.png 1920w, https:\/\/ateba.eleves.mediamatique.ch\/wordpress\/wp-content\/uploads\/2024\/04\/BACK-300x169.png 300w, https:\/\/ateba.eleves.mediamatique.ch\/wordpress\/wp-content\/uploads\/2024\/04\/BACK-1024x576.png 1024w, https:\/\/ateba.eleves.mediamatique.ch\/wordpress\/wp-content\/uploads\/2024\/04\/BACK-768x432.png 768w, https:\/\/ateba.eleves.mediamatique.ch\/wordpress\/wp-content\/uploads\/2024\/04\/BACK-1536x864.png 1536w\" sizes=\"(max-width: 1920px) 100vw, 1920px\" \/>\t\t\t\t\t\t\t\t\t\t\t\t\t<\/div>\n\t\t\t\t<\/div>\n\t\t\t\t<\/div>\n\t\t\t\t\t<\/div>\n\t\t\t\t<\/div>\n\t\t<div class=\"elementor-element elementor-element-898ae89 e-flex e-con-boxed wpr-particle-no wpr-jarallax-no wpr-parallax-no wpr-sticky-section-no e-con e-parent\" data-id=\"898ae89\" data-element_type=\"container\" id=\"piste\" data-settings=\"{&quot;background_background&quot;:&quot;classic&quot;}\">\n\t\t\t\t\t<div class=\"e-con-inner\">\n\t\t\t\t<div class=\"elementor-element elementor-element-ecb94d9 elementor-widget elementor-widget-image\" data-id=\"ecb94d9\" data-element_type=\"widget\" data-widget_type=\"image.default\">\n\t\t\t\t<div class=\"elementor-widget-container\">\n\t\t\t\t\t\t\t\t\t\t\t\t\t<img fetchpriority=\"high\" decoding=\"async\" width=\"341\" height=\"154\" src=\"https:\/\/ateba.eleves.mediamatique.ch\/wordpress\/wp-content\/uploads\/2024\/04\/Titre.png\" class=\"attachment-full size-full wp-image-254\" alt=\"\" srcset=\"https:\/\/ateba.eleves.mediamatique.ch\/wordpress\/wp-content\/uploads\/2024\/04\/Titre.png 341w, https:\/\/ateba.eleves.mediamatique.ch\/wordpress\/wp-content\/uploads\/2024\/04\/Titre-300x135.png 300w\" sizes=\"(max-width: 341px) 100vw, 341px\" \/>\t\t\t\t\t\t\t\t\t\t\t\t\t<\/div>\n\t\t\t\t<\/div>\n\t\t<div class=\"elementor-element elementor-element-d106776 e-con-full e-flex wpr-particle-no wpr-jarallax-no wpr-parallax-no wpr-sticky-section-no e-con e-child\" data-id=\"d106776\" data-element_type=\"container\">\n\t\t\t\t<div class=\"elementor-element elementor-element-1977284 elementor-widget elementor-widget-heading\" data-id=\"1977284\" data-element_type=\"widget\" data-widget_type=\"heading.default\">\n\t\t\t\t<div class=\"elementor-widget-container\">\n\t\t\t<h2 class=\"elementor-heading-title elementor-size-default\">LA PISTE<\/h2>\t\t<\/div>\n\t\t\t\t<\/div>\n\t\t\t\t<\/div>\n\t\t\t\t<div class=\"elementor-element elementor-element-6e88354 elementor-widget elementor-widget-text-editor\" data-id=\"6e88354\" data-element_type=\"widget\" data-widget_type=\"text-editor.default\">\n\t\t\t\t<div class=\"elementor-widget-container\">\n\t\t\t\t\t\t\t<p>Avec 900m de piste enti\u00e8rement couverte sur une surface de 8000m2, le karting Indoor est le plus grand d\u2019Europe avec des vitesses de pointe \u00e0 70km\/h.<\/p><p>Des installations modernes vous permettent une conduite sportive en toute s\u00e9curit\u00e9. La piste a \u00e9t\u00e9 enti\u00e8rement relook\u00e9e. Les bordures de pistes sont \u00e9quip\u00e9es de n\u00e9on et d\u2019un syst\u00e8me d\u2019absorption de choc pour vous assurer confort et s\u00e9curit\u00e9 maximum ! Le sol est rev\u00eatu de r\u00e9sine synth\u00e9tique pour un meilleur grip et moins de d\u00e9rapage.<\/p>\t\t\t\t\t\t<\/div>\n\t\t\t\t<\/div>\n\t\t<div class=\"elementor-element elementor-element-5ba55a5 e-con-full e-flex wpr-particle-no wpr-jarallax-no wpr-parallax-no wpr-sticky-section-no e-con e-child\" data-id=\"5ba55a5\" data-element_type=\"container\">\n\t\t\t\t<div class=\"elementor-element elementor-element-6ae19bb elementor-widget elementor-widget-image\" data-id=\"6ae19bb\" data-element_type=\"widget\" data-widget_type=\"image.default\">\n\t\t\t\t<div class=\"elementor-widget-container\">\n\t\t\t\t\t\t\t\t\t\t\t\t\t<img loading=\"lazy\" decoding=\"async\" width=\"846\" height=\"436\" src=\"https:\/\/ateba.eleves.mediamatique.ch\/wordpress\/wp-content\/uploads\/2024\/05\/circuit-paysage.png\" class=\"attachment-full size-full wp-image-640\" alt=\"\" srcset=\"https:\/\/ateba.eleves.mediamatique.ch\/wordpress\/wp-content\/uploads\/2024\/05\/circuit-paysage.png 846w, https:\/\/ateba.eleves.mediamatique.ch\/wordpress\/wp-content\/uploads\/2024\/05\/circuit-paysage-300x155.png 300w, https:\/\/ateba.eleves.mediamatique.ch\/wordpress\/wp-content\/uploads\/2024\/05\/circuit-paysage-768x396.png 768w\" sizes=\"(max-width: 846px) 100vw, 846px\" \/>\t\t\t\t\t\t\t\t\t\t\t\t\t<\/div>\n\t\t\t\t<\/div>\n\t\t\t\t<\/div>\n\t\t\t\t\t<\/div>\n\t\t\t\t<\/div>\n\t\t<div class=\"elementor-element elementor-element-8b45dca e-flex e-con-boxed wpr-particle-no wpr-jarallax-no wpr-parallax-no wpr-sticky-section-no e-con e-parent\" data-id=\"8b45dca\" data-element_type=\"container\" id=\"jeu\" data-settings=\"{&quot;background_background&quot;:&quot;classic&quot;}\">\n\t\t\t\t\t<div class=\"e-con-inner\">\n\t\t\t\t<div class=\"elementor-element elementor-element-6a6e281 elementor-widget elementor-widget-image\" data-id=\"6a6e281\" data-element_type=\"widget\" data-widget_type=\"image.default\">\n\t\t\t\t<div class=\"elementor-widget-container\">\n\t\t\t\t\t\t\t\t\t\t\t\t\t<img fetchpriority=\"high\" decoding=\"async\" width=\"341\" height=\"154\" src=\"https:\/\/ateba.eleves.mediamatique.ch\/wordpress\/wp-content\/uploads\/2024\/04\/Titre.png\" class=\"attachment-full size-full wp-image-254\" alt=\"\" srcset=\"https:\/\/ateba.eleves.mediamatique.ch\/wordpress\/wp-content\/uploads\/2024\/04\/Titre.png 341w, https:\/\/ateba.eleves.mediamatique.ch\/wordpress\/wp-content\/uploads\/2024\/04\/Titre-300x135.png 300w\" sizes=\"(max-width: 341px) 100vw, 341px\" \/>\t\t\t\t\t\t\t\t\t\t\t\t\t<\/div>\n\t\t\t\t<\/div>\n\t\t<div class=\"elementor-element elementor-element-7368132 e-con-full e-flex wpr-particle-no wpr-jarallax-no wpr-parallax-no wpr-sticky-section-no e-con e-child\" data-id=\"7368132\" data-element_type=\"container\">\n\t\t\t\t<div class=\"elementor-element elementor-element-af73d56 elementor-widget elementor-widget-heading\" data-id=\"af73d56\" data-element_type=\"widget\" data-widget_type=\"heading.default\">\n\t\t\t\t<div class=\"elementor-widget-container\">\n\t\t\t<h2 class=\"elementor-heading-title elementor-size-default\">LE JEU<\/h2>\t\t<\/div>\n\t\t\t\t<\/div>\n\t\t\t\t<\/div>\n\t\t\t\t<div class=\"elementor-element elementor-element-9e1abc8 elementor-widget elementor-widget-text-editor\" data-id=\"9e1abc8\" data-element_type=\"widget\" data-widget_type=\"text-editor.default\">\n\t\t\t\t<div class=\"elementor-widget-container\">\n\t\t\t\t\t\t\t<p>Les pilotes s&rsquo;affrontent pour franchir la ligne d&rsquo;arriv\u00e9e en t\u00eate, mais ce ne sera pas facile. En plus de man\u0153uvrer habilement \u00e0 travers les virages et les obstacles, les joueurs peuvent recevoir des malus d\u00e9vastateurs ou b\u00e9n\u00e9ficier de bonus bienvenus pour prendre l&rsquo;avantage. Que vous soyez en t\u00eate de la course ou en queue de peloton, un simple coup de chance peut faire toute la diff\u00e9rence entre la victoire et la d\u00e9faite.\u00a0<\/p>\t\t\t\t\t\t<\/div>\n\t\t\t\t<\/div>\n\t\t\t\t<div class=\"elementor-element elementor-element-443e0b8 elementor-widget elementor-widget-image-carousel\" data-id=\"443e0b8\" data-element_type=\"widget\" data-settings=\"{&quot;slides_to_show&quot;:&quot;3&quot;,&quot;slides_to_scroll&quot;:&quot;3&quot;,&quot;navigation&quot;:&quot;none&quot;,&quot;autoplay&quot;:&quot;yes&quot;,&quot;pause_on_hover&quot;:&quot;yes&quot;,&quot;pause_on_interaction&quot;:&quot;yes&quot;,&quot;autoplay_speed&quot;:5000,&quot;infinite&quot;:&quot;yes&quot;,&quot;speed&quot;:500}\" data-widget_type=\"image-carousel.default\">\n\t\t\t\t<div class=\"elementor-widget-container\">\n\t\t\t<style>\/*! elementor - v3.21.0 - 25-04-2024 *\/\n.elementor-widget-image-carousel .swiper,.elementor-widget-image-carousel .swiper-container{position:static}.elementor-widget-image-carousel .swiper-container .swiper-slide figure,.elementor-widget-image-carousel .swiper .swiper-slide figure{line-height:inherit}.elementor-widget-image-carousel .swiper-slide{text-align:center}.elementor-image-carousel-wrapper:not(.swiper-container-initialized):not(.swiper-initialized) .swiper-slide{max-width:calc(100% \/ var(--e-image-carousel-slides-to-show, 3))}<\/style>\t\t<div class=\"elementor-image-carousel-wrapper swiper\" dir=\"ltr\">\n\t\t\t<div class=\"elementor-image-carousel swiper-wrapper\" aria-live=\"off\">\n\t\t\t\t\t\t\t\t<div class=\"swiper-slide\" role=\"group\" aria-roledescription=\"slide\" aria-label=\"1 sur 6\"><figure class=\"swiper-slide-inner\"><img decoding=\"async\" class=\"swiper-slide-image\" src=\"https:\/\/ateba.eleves.mediamatique.ch\/wordpress\/wp-content\/uploads\/2024\/05\/accelere.png\" alt=\"accelere\" \/><\/figure><\/div><div class=\"swiper-slide\" role=\"group\" aria-roledescription=\"slide\" aria-label=\"2 sur 6\"><figure class=\"swiper-slide-inner\"><img decoding=\"async\" class=\"swiper-slide-image\" src=\"https:\/\/ateba.eleves.mediamatique.ch\/wordpress\/wp-content\/uploads\/2024\/05\/flashback.png\" alt=\"flashback\" \/><\/figure><\/div><div class=\"swiper-slide\" role=\"group\" aria-roledescription=\"slide\" aria-label=\"3 sur 6\"><figure class=\"swiper-slide-inner\"><img decoding=\"async\" class=\"swiper-slide-image\" src=\"https:\/\/ateba.eleves.mediamatique.ch\/wordpress\/wp-content\/uploads\/2024\/05\/navigation.png\" alt=\"navigation\" \/><\/figure><\/div><div class=\"swiper-slide\" role=\"group\" aria-roledescription=\"slide\" aria-label=\"4 sur 6\"><figure class=\"swiper-slide-inner\"><img decoding=\"async\" class=\"swiper-slide-image\" src=\"https:\/\/ateba.eleves.mediamatique.ch\/wordpress\/wp-content\/uploads\/2024\/05\/ralenti.png\" alt=\"ralenti\" \/><\/figure><\/div><div class=\"swiper-slide\" role=\"group\" aria-roledescription=\"slide\" aria-label=\"5 sur 6\"><figure class=\"swiper-slide-inner\"><img decoding=\"async\" class=\"swiper-slide-image\" src=\"https:\/\/ateba.eleves.mediamatique.ch\/wordpress\/wp-content\/uploads\/2024\/05\/stop.png\" alt=\"stop\" \/><\/figure><\/div><div class=\"swiper-slide\" role=\"group\" aria-roledescription=\"slide\" aria-label=\"6 sur 6\"><figure class=\"swiper-slide-inner\"><img decoding=\"async\" class=\"swiper-slide-image\" src=\"https:\/\/ateba.eleves.mediamatique.ch\/wordpress\/wp-content\/uploads\/2024\/05\/frein.png\" alt=\"frein\" \/><\/figure><\/div>\t\t\t<\/div>\n\t\t\t\t\t\t\t\n\t\t\t\t\t\t\t\t\t<\/div>\n\t\t\t\t<\/div>\n\t\t\t\t<\/div>\n\t\t\t\t\t<\/div>\n\t\t\t\t<\/div>\n\t\t\t\t<\/div>\n\t\t","protected":false},"excerpt":{"rendered":"<p>R\u00c9SERVE TON EXP\u00c9RIENCE UNIQUE ! R\u00e9server une session de karting Date : Heure : 09:0010:0011:0012:0013:0014:0015:0016:0017:0018:0019:0020:0021:00 Nombre de participants : NOS KARTS \u00c9quip\u00e9s d\u2019\u00e9crans connect\u00e9s int\u00e9gr\u00e9s au volant pour suivre votre performance en temps r\u00e9el et d\u2019\u00e9crans lumineux \u00e0 l\u2019arri\u00e8re pour afficher votre nom, nos karts offrent une exp\u00e9rience de conduite in\u00e9gal\u00e9e. Ajoutez \u00e0 cela des [&hellip;]<\/p>\n","protected":false},"author":1,"featured_media":0,"parent":0,"menu_order":0,"comment_status":"closed","ping_status":"closed","template":"","meta":{"footnotes":""},"class_list":["post-10","page","type-page","status-publish","hentry"],"_links":{"self":[{"href":"https:\/\/ateba.eleves.mediamatique.ch\/wordpress\/wp-json\/wp\/v2\/pages\/10","targetHints":{"allow":["GET"]}}],"collection":[{"href":"https:\/\/ateba.eleves.mediamatique.ch\/wordpress\/wp-json\/wp\/v2\/pages"}],"about":[{"href":"https:\/\/ateba.eleves.mediamatique.ch\/wordpress\/wp-json\/wp\/v2\/types\/page"}],"author":[{"embeddable":true,"href":"https:\/\/ateba.eleves.mediamatique.ch\/wordpress\/wp-json\/wp\/v2\/users\/1"}],"replies":[{"embeddable":true,"href":"https:\/\/ateba.eleves.mediamatique.ch\/wordpress\/wp-json\/wp\/v2\/comments?post=10"}],"version-history":[{"count":316,"href":"https:\/\/ateba.eleves.mediamatique.ch\/wordpress\/wp-json\/wp\/v2\/pages\/10\/revisions"}],"predecessor-version":[{"id":669,"href":"https:\/\/ateba.eleves.mediamatique.ch\/wordpress\/wp-json\/wp\/v2\/pages\/10\/revisions\/669"}],"wp:attachment":[{"href":"https:\/\/ateba.eleves.mediamatique.ch\/wordpress\/wp-json\/wp\/v2\/media?parent=10"}],"curies":[{"name":"wp","href":"https:\/\/api.w.org\/{rel}","templated":true}]}}